{"id":1885,"date":"2022-04-19T12:21:31","date_gmt":"2022-04-19T12:21:31","guid":{"rendered":"https:\/\/cnsb.pt\/?page_id=1885"},"modified":"2025-07-29T11:24:40","modified_gmt":"2025-07-29T11:24:40","slug":"contratos-de-apoio-a-familia","status":"publish","type":"page","link":"https:\/\/cnsb.pt\/?page_id=1885","title":{"rendered":"Contratos de apoio \u00e0 fam\u00edlia"},"content":{"rendered":"\t\t<div data-elementor-type=\"wp-page\" data-elementor-id=\"1885\" class=\"elementor elementor-1885\">\n\t\t\t\t\t\t\t\t\t<section class=\"elementor-section elementor-top-section elementor-element elementor-element-487a95a elementor-section-content-middle elementor-section-boxed elementor-section-height-default elementor-section-height-default\" data-id=\"487a95a\" data-element_type=\"section\" data-settings=\"{&quot;background_background&quot;:&quot;classic&quot;,&quot;shape_divider_bottom&quot;:&quot;opacity-tilt&quot;}\">\n\t\t\t\t\t\t\t<div class=\"elementor-background-overlay\"><\/div>\n\t\t\t\t\t\t<div class=\"elementor-shape elementor-shape-bottom\" data-negative=\"false\">\n\t\t\t<svg xmlns=\"http:\/\/www.w3.org\/2000\/svg\" viewBox=\"0 0 2600 131.1\" preserveAspectRatio=\"none\">\n\t<path class=\"elementor-shape-fill\" d=\"M0 0L2600 0 2600 69.1 0 0z\"\/>\n\t<path class=\"elementor-shape-fill\" style=\"opacity:0.5\" d=\"M0 0L2600 0 2600 69.1 0 69.1z\"\/>\n\t<path class=\"elementor-shape-fill\" style=\"opacity:0.25\" d=\"M2600 0L0 0 0 130.1 2600 69.1z\"\/>\n<\/svg>\t\t<\/div>\n\t\t\t\t\t<div class=\"elementor-container elementor-column-gap-default\">\n\t\t\t\t\t<div class=\"elementor-column elementor-col-100 elementor-top-column elementor-element elementor-element-e60329b\" data-id=\"e60329b\" data-element_type=\"column\" data-settings=\"{&quot;background_background&quot;:&quot;classic&quot;}\">\n\t\t\t<div class=\"elementor-widget-wrap elementor-element-populated\">\n\t\t\t\t\t\t\t\t<div class=\"elementor-element elementor-element-6af61d8 elementor-widget elementor-widget-heading\" data-id=\"6af61d8\" data-element_type=\"widget\" data-widget_type=\"heading.default\">\n\t\t\t\t<div class=\"elementor-widget-container\">\n\t\t\t<style>\/*! elementor - v3.7.6 - 15-09-2022 *\/\n.elementor-heading-title{padding:0;margin:0;line-height:1}.elementor-widget-heading .elementor-heading-title[class*=elementor-size-]>a{color:inherit;font-size:inherit;line-height:inherit}.elementor-widget-heading .elementor-heading-title.elementor-size-small{font-size:15px}.elementor-widget-heading .elementor-heading-title.elementor-size-medium{font-size:19px}.elementor-widget-heading .elementor-heading-title.elementor-size-large{font-size:29px}.elementor-widget-heading .elementor-heading-title.elementor-size-xl{font-size:39px}.elementor-widget-heading .elementor-heading-title.elementor-size-xxl{font-size:59px}<\/style><h2 class=\"elementor-heading-title elementor-size-default\">...<\/h2>\t\t<\/div>\n\t\t\t\t<\/div>\n\t\t\t\t<div class=\"elementor-element elementor-element-329b757 elementor-widget elementor-widget-heading\" data-id=\"329b757\" data-element_type=\"widget\" data-widget_type=\"heading.default\">\n\t\t\t\t<div class=\"elementor-widget-container\">\n\t\t\t<h2 class=\"elementor-heading-title elementor-size-default\">Contratos de <br> apoio \u00e0 fam\u00edlia <\/h2>\t\t<\/div>\n\t\t\t\t<\/div>\n\t\t\t\t<div class=\"elementor-element elementor-element-48abe82 elementor-widget__width-initial elementor-widget elementor-widget-text-editor\" data-id=\"48abe82\" data-element_type=\"widget\" data-widget_type=\"text-editor.default\">\n\t\t\t\t<div class=\"elementor-widget-container\">\n\t\t\t<style>\/*! elementor - v3.7.6 - 15-09-2022 *\/\n.elementor-widget-text-editor.elementor-drop-cap-view-stacked .elementor-drop-cap{background-color:#818a91;color:#fff}.elementor-widget-text-editor.elementor-drop-cap-view-framed .elementor-drop-cap{color:#818a91;border:3px solid;background-color:transparent}.elementor-widget-text-editor:not(.elementor-drop-cap-view-default) .elementor-drop-cap{margin-top:8px}.elementor-widget-text-editor:not(.elementor-drop-cap-view-default) .elementor-drop-cap-letter{width:1em;height:1em}.elementor-widget-text-editor .elementor-drop-cap{float:left;text-align:center;line-height:1;font-size:50px}.elementor-widget-text-editor .elementor-drop-cap-letter{display:inline-block}<\/style>\t\t\t\t<p>A Dire\u00e7\u00e3o-Geral da Administra\u00e7\u00e3o Escolar (DGAE) informou as escolas com <span class=\"il\">Contratos<\/span>\u00a0de apoio \u00e0s fam\u00edlias (<span class=\"il\">Contrato<\/span>\u00a0<span class=\"il\">Simples<\/span> e de Desenvolvimento), que para o ano letivo 2025\/2026 os Encarregados de Educa\u00e7\u00e3o devem entregar, para efeitos de candidatura aos apoios, as declara\u00e7\u00f5es de IRS 2024 e a respetiva demonstra\u00e7\u00e3o de liquida\u00e7\u00e3o com detalhes.<\/p>\t\t\t\t\t\t<\/div>\n\t\t\t\t<\/div>\n\t\t\t\t\t<\/div>\n\t\t<\/div>\n\t\t\t\t\t\t\t<\/div>\n\t\t<\/section>\n\t\t\t\t<section class=\"elementor-section elementor-top-section elementor-element elementor-element-d643635 elementor-section-boxed elementor-section-height-default elementor-section-height-default\" data-id=\"d643635\" data-element_type=\"section\">\n\t\t\t\t\t\t<div class=\"elementor-container elementor-column-gap-default\">\n\t\t\t\t\t<div class=\"elementor-column elementor-col-100 elementor-top-column elementor-element elementor-element-c7c1ad2\" data-id=\"c7c1ad2\" data-element_type=\"column\">\n\t\t\t<div class=\"elementor-widget-wrap elementor-element-populated\">\n\t\t\t\t\t\t\t\t<div class=\"elementor-element elementor-element-0e4230e elementor-widget elementor-widget-heading\" data-id=\"0e4230e\" data-element_type=\"widget\" data-widget_type=\"heading.default\">\n\t\t\t\t<div class=\"elementor-widget-container\">\n\t\t\t<h2 class=\"elementor-heading-title elementor-size-default\">Dire\u00e7\u00e3o-geral da Administra\u00e7\u00e3o Escolar (DGAE)<\/h2>\t\t<\/div>\n\t\t\t\t<\/div>\n\t\t\t\t<div class=\"elementor-element elementor-element-9a9f4ea elementor-widget elementor-widget-heading\" data-id=\"9a9f4ea\" data-element_type=\"widget\" data-widget_type=\"heading.default\">\n\t\t\t\t<div class=\"elementor-widget-container\">\n\t\t\t<h2 class=\"elementor-heading-title elementor-size-default\">Contratos de apoio \u00e0 fam\u00edlia<\/h2>\t\t<\/div>\n\t\t\t\t<\/div>\n\t\t\t\t\t<\/div>\n\t\t<\/div>\n\t\t\t\t\t\t\t<\/div>\n\t\t<\/section>\n\t\t\t\t<section class=\"elementor-section elementor-top-section elementor-element elementor-element-69e160d elementor-section-boxed elementor-section-height-default elementor-section-height-default\" data-id=\"69e160d\" data-element_type=\"section\">\n\t\t\t\t\t\t<div class=\"elementor-container elementor-column-gap-default\">\n\t\t\t\t\t<div class=\"elementor-column elementor-col-100 elementor-top-column elementor-element elementor-element-0c5386c\" data-id=\"0c5386c\" data-element_type=\"column\">\n\t\t\t<div class=\"elementor-widget-wrap elementor-element-populated\">\n\t\t\t\t\t\t\t\t<div class=\"elementor-element elementor-element-847c5d9 elementor-widget elementor-widget-text-editor\" data-id=\"847c5d9\" data-element_type=\"widget\" data-widget_type=\"text-editor.default\">\n\t\t\t\t<div class=\"elementor-widget-container\">\n\t\t\t\t\t\t\t<p>A Dire\u00e7\u00e3o-Geral da Administra\u00e7\u00e3o Escolar (DGAE) informou as escolas com <span class=\"il\">Contratos<\/span>&nbsp;de apoio \u00e0s fam\u00edlias (<span class=\"il\">Contrato<\/span>&nbsp;<span class=\"il\">Simples<\/span> e de Desenvolvimento), que para o ano letivo 2025\/2026 os Encarregados de Educa\u00e7\u00e3o devem entregar, para efeitos de candidatura aos apoios, as declara\u00e7\u00f5es de IRS 2024 e a respetiva demonstra\u00e7\u00e3o de liquida\u00e7\u00e3o com detalhes.<\/p>\n<p>Assim, e para agiliza\u00e7\u00e3o dos processos de candidatura, pedimos aos Encarregados de Educa\u00e7\u00e3o que pretendam candidatar-se aos apoios, o favor de entregar os documentos, supra indicados, na secretaria do Col\u00e9gio, impreterivelmente at\u00e9 dia 30 de janeiro de 2026. &nbsp;<\/p>\n<p>Ao instruir o processo individual de candidatura e caso se verifique a necessidade de entrega de outros documentos\/esclarecimentos adicionais, os mesmos ser-vos-\u00e3o solicitados individualmente.<\/p>\n<p>Tamb\u00e9m por este motivo apelamos \u00e0 maior aten\u00e7\u00e3o aos prazos de entrega dos documentos, sob pena da candidatura n\u00e3o ser considerada!<\/p>\t\t\t\t\t\t<\/div>\n\t\t\t\t<\/div>\n\t\t\t\t<section class=\"elementor-section elementor-inner-section elementor-element elementor-element-35a7ae7 elementor-section-boxed elementor-section-height-default elementor-section-height-default\" data-id=\"35a7ae7\" data-element_type=\"section\">\n\t\t\t\t\t\t<div class=\"elementor-container elementor-column-gap-default\">\n\t\t\t\t\t<div class=\"elementor-column elementor-col-50 elementor-inner-column elementor-element elementor-element-a1c811c\" data-id=\"a1c811c\" data-element_type=\"column\">\n\t\t\t<div class=\"elementor-widget-wrap elementor-element-populated\">\n\t\t\t\t\t\t\t\t<div class=\"elementor-element elementor-element-3cddced elementor-widget elementor-widget-heading\" data-id=\"3cddced\" data-element_type=\"widget\" data-widget_type=\"heading.default\">\n\t\t\t\t<div class=\"elementor-widget-container\">\n\t\t\t<h2 class=\"elementor-heading-title elementor-size-default\">Contrato de desenvolvimento<\/h2>\t\t<\/div>\n\t\t\t\t<\/div>\n\t\t\t\t<div class=\"elementor-element elementor-element-2081dbe elementor-widget elementor-widget-heading\" data-id=\"2081dbe\" data-element_type=\"widget\" data-widget_type=\"heading.default\">\n\t\t\t\t<div class=\"elementor-widget-container\">\n\t\t\t<h2 class=\"elementor-heading-title elementor-size-default\">Pr\u00e9-escolar<\/h2>\t\t<\/div>\n\t\t\t\t<\/div>\n\t\t\t\t<div class=\"elementor-element elementor-element-fdcbbf2 elementor-widget elementor-widget-text-editor\" data-id=\"fdcbbf2\" data-element_type=\"widget\" data-widget_type=\"text-editor.default\">\n\t\t\t\t<div class=\"elementor-widget-container\">\n\t\t\t\t\t\t\t<ul><li>CIRCULAR INFORMATIVA (ENVIADA POR <em>E-MAIL<\/em>)<\/li><li>MODELO\u00a0PARA COMPROVAR O AGREGADO FAMILIAR<\/li><\/ul>\t\t\t\t\t\t<\/div>\n\t\t\t\t<\/div>\n\t\t\t\t\t<\/div>\n\t\t<\/div>\n\t\t\t\t<div class=\"elementor-column elementor-col-50 elementor-inner-column elementor-element elementor-element-77c2d1c\" data-id=\"77c2d1c\" data-element_type=\"column\">\n\t\t\t<div class=\"elementor-widget-wrap elementor-element-populated\">\n\t\t\t\t\t\t\t\t<div class=\"elementor-element elementor-element-3236707 elementor-widget elementor-widget-heading\" data-id=\"3236707\" data-element_type=\"widget\" data-widget_type=\"heading.default\">\n\t\t\t\t<div class=\"elementor-widget-container\">\n\t\t\t<h2 class=\"elementor-heading-title elementor-size-default\">Contrato simples<\/h2>\t\t<\/div>\n\t\t\t\t<\/div>\n\t\t\t\t<div class=\"elementor-element elementor-element-c4f8ab2 elementor-widget elementor-widget-heading\" data-id=\"c4f8ab2\" data-element_type=\"widget\" data-widget_type=\"heading.default\">\n\t\t\t\t<div class=\"elementor-widget-container\">\n\t\t\t<h2 class=\"elementor-heading-title elementor-size-default\">Ensino B\u00e1sico e secund\u00e1rio<\/h2>\t\t<\/div>\n\t\t\t\t<\/div>\n\t\t\t\t<div class=\"elementor-element elementor-element-adcee2c elementor-widget elementor-widget-text-editor\" data-id=\"adcee2c\" data-element_type=\"widget\" data-widget_type=\"text-editor.default\">\n\t\t\t\t<div class=\"elementor-widget-container\">\n\t\t\t\t\t\t\t<ul><li>CIRCULAR INFORMATIVA (ENVIADA POR <em>E-MAIL<\/em>)<\/li><li>MODELO\u00a0PARA COMPROVAR O AGREGADO FAMILIAR<\/li><\/ul><p>\u00a0<\/p><p>Qualquer quest\u00e3o dever\u00e1 ser esclarecida na secretaria do Col\u00e9gio.<\/p>\t\t\t\t\t\t<\/div>\n\t\t\t\t<\/div>\n\t\t\t\t\t<\/div>\n\t\t<\/div>\n\t\t\t\t\t\t\t<\/div>\n\t\t<\/section>\n\t\t\t\t\t<\/div>\n\t\t<\/div>\n\t\t\t\t\t\t\t<\/div>\n\t\t<\/section>\n\t\t\t\t\t\t\t<\/div>\n\t\t","protected":false},"excerpt":{"rendered":"<p>&#8230; Contratos de apoio \u00e0 fam\u00edlia A Dire\u00e7\u00e3o-Geral da Administra\u00e7\u00e3o Escolar (DGAE) informou as escolas com Contratos\u00a0de apoio \u00e0s fam\u00edlias (Contrato\u00a0Simples e de Desenvolvimento), que para o ano letivo 2025\/2026 os Encarregados de Educa\u00e7\u00e3o devem entregar, para efeitos de candidatura aos apoios, as declara\u00e7\u00f5es de IRS 2024 e a respetiva demonstra\u00e7\u00e3o de liquida\u00e7\u00e3o com detalhes. [&hellip;]<\/p>\n","protected":false},"author":1,"featured_media":0,"parent":0,"menu_order":0,"comment_status":"closed","ping_status":"closed","template":"","meta":{"footnotes":""},"class_list":["post-1885","page","type-page","status-publish","hentry"],"_links":{"self":[{"href":"https:\/\/cnsb.pt\/index.php?rest_route=\/wp\/v2\/pages\/1885","targetHints":{"allow":["GET"]}}],"collection":[{"href":"https:\/\/cnsb.pt\/index.php?rest_route=\/wp\/v2\/pages"}],"about":[{"href":"https:\/\/cnsb.pt\/index.php?rest_route=\/wp\/v2\/types\/page"}],"author":[{"embeddable":true,"href":"https:\/\/cnsb.pt\/index.php?rest_route=\/wp\/v2\/users\/1"}],"replies":[{"embeddable":true,"href":"https:\/\/cnsb.pt\/index.php?rest_route=%2Fwp%2Fv2%2Fcomments&post=1885"}],"version-history":[{"count":38,"href":"https:\/\/cnsb.pt\/index.php?rest_route=\/wp\/v2\/pages\/1885\/revisions"}],"predecessor-version":[{"id":9625,"href":"https:\/\/cnsb.pt\/index.php?rest_route=\/wp\/v2\/pages\/1885\/revisions\/9625"}],"wp:attachment":[{"href":"https:\/\/cnsb.pt\/index.php?rest_route=%2Fwp%2Fv2%2Fmedia&parent=1885"}],"curies":[{"name":"wp","href":"https:\/\/api.w.org\/{rel}","templated":true}]}}